{"id":92,"date":"2024-09-25T15:05:13","date_gmt":"2024-09-25T15:05:13","guid":{"rendered":"https:\/\/kaolin.cl\/?page_id=92"},"modified":"2025-10-01T15:12:28","modified_gmt":"2025-10-01T18:12:28","slug":"taller","status":"publish","type":"page","link":"https:\/\/kaolin.cl\/?page_id=92","title":{"rendered":"Taller"},"content":{"rendered":"\n<p><strong>Clases de cer\u00e1mica mensua<\/strong>l:<br>Incluye una vez por semana clases de 3 horas con la t\u00e9cnica que se acomode a tus intereses.<br>Incluye 5 kilos de pasta, quemas, uso de esmaltes creados por nosotros y uso de herramientas. Adem\u00e1s mientras aprendes podr\u00e1s exhibir y vender tu trabajo en nuestra tienda solamente pagando los costos asociados. Te esperamos. <br>\ud83d\udcb0 Valor total: $120.000<\/p>\n\n\n\n<p><\/p>\n\n\n\n<p><strong>Clase de cer\u00e1mica al paso<\/strong>:<br>En esta clase tendr\u00e1s la oportunidad de dar un primer paso en este hermoso oficio compartiendo con otras personas con galletitas y algo para beber. Te entregaremos 1 kilo de pasta cer\u00e1mica y te guiaremos a desarrollar tu proyecto, te mostraremos nuestros esmaltes cer\u00e1micos creados por nosotros para que escojas el que te guste y poder terminar tu pieza la cual podr\u00e1s volver a buscar o te la haremos llegar (con cobro por pagar). <br>\ud83d\udcb0 Valor total: $40.000                                      <\/p>\n\n\n\n<p><\/p>\n\n\n\n<p><br><\/p>\n\n\n\n<p><strong>\u2728 \u00a1Te damos la bienvenida a nuestra  Residencia de Cer\u00e1mica en Taller Kaolin! \u2728<\/strong><\/p>\n\n\n\n<p>Ser\u00e1 una experiencia \u00fanica por una semana en el encantador pueblo de Diaguitas, Valle de Elqui.<\/p>\n\n\n\n<p>Durante una semana podr\u00e1s crear tus propias piezas, aprender t\u00e9cnicas, abrir el horno y llevarte tus obras terminadas, todo con nuestro apoyo experto y el taller completamente equipado.<\/p>\n\n\n\n<p>La residencia incluye:<\/p>\n\n\n\n<p>\ud83c\udffa Materiales, esmaltes, herramientas y quemas.<\/p>\n\n\n\n<p>\ud83d\udecf\ufe0f Alojamiento en nuestra casa con dormitorio compartido, sencillo pero acogedor. Pero si deseas algo con mayor privacidad hay varios opciones a pasos del taller<\/p>\n\n\n\n<p>\ud83c\udf72 Comidas compartidas para mantener la experiencia cercana y accesible (o si prefieres, hay muy buena gastronom\u00eda cerca).<\/p>\n\n\n\n<p>Adem\u00e1s, tendr\u00e1s tiempo para disfrutar del Valle y sus alternativas: con costo adicional <\/p>\n\n\n\n<p>\ud83c\udf0c Tour astron\u00f3mico en el Observatorio Mamalluca.<\/p>\n\n\n\n<p>\ud83e\uddd8 Masajes o clases de yoga.<\/p>\n\n\n\n<p>\ud83e\udd42 Visita a una pisquera y paseos por lugares cercanos.<\/p>\n\n\n\n<p>\ud83d\udcb0 Valor total: $700.000<\/p>\n\n\n\n<p>(con todo lo necesario para crear y vivir la experiencia).<\/p>\n\n\n\n<p>\u26a1 Reserva tu cupo en dos pasos:<\/p>\n\n\n\n<ol class=\"wp-block-list\">\n<li>Abonas el 50% para asegurar tu lugar (te enviaremos un link de pago).<\/li>\n\n\n\n<li>El 50% restante lo pagas ac\u00e1 al llegar, en cualquier medio de pago.<\/li>\n<\/ol>\n\n\n\n<p>\ud83d\udccc Importante: No hay devoluciones, pero si no puedes venir, abonaremos tu pago a una pr\u00f3xima visita.<\/p>\n\n\n\n<p><\/p>\n\n\n\n<p><\/p>\n\n\n\n\n\n<p><\/p>\n\n\n\n<p><\/p>\n\n\n\n<p>Clases al paso de textiles<br>$40.000<br>Podr\u00e1s hacer un gorro, Ponchito, bufanda o un lindo mu\u00f1equito.<br>Lo que te diga tu imaginaci\u00f3n con 200gr de lana (colores a elecci\u00f3n) , habr\u00e1n galletitas y algo calientito para beber.<br>Pasar\u00e1s un bello momento, te llevar\u00e1s lo que hagas y un nuevo conocimiento<br><br><br><br>Tanto el taller de cer\u00e1mica como el de textiles tienen tem\u00e1ticas espec\u00edficas de una t\u00e9cnica que es m\u00e1s compleja de hacerla en los talleres de educaci\u00f3n continua. Estos tienen valores seg\u00fan lo que se haga, el uso de materiales y tiempo del curso.<\/p>\n","protected":false},"excerpt":{"rendered":"<p>Clases de cer\u00e1mica mensual:Incluye una vez por semana clases de 3 horas con la t\u00e9cnica que se acomode a tus intereses.Incluye 5 kilos de pasta, quemas, uso de esmaltes creados por nosotros y uso de herramientas. Adem\u00e1s mientras aprendes podr\u00e1s exhibir y vender tu trabajo en nuestra tienda solamente pagando los costos asociados. Te esperamos. [&hellip;]<\/p>\n","protected":false},"author":1,"featured_media":0,"parent":0,"menu_order":0,"comment_status":"closed","ping_status":"closed","template":"page-taller","meta":{"saved_in_kubio":true,"footnotes":""},"class_list":["post-92","page","type-page","status-publish","hentry"],"kubio_ai_page_context":{"short_desc":"","purpose":"general"},"yoast_head":"<!-- This site is optimized with the Yoast SEO plugin v27.4 - https:\/\/yoast.com\/product\/yoast-seo-wordpress\/ -->\n<title>Taller - TALLER KAOLIN<\/title>\n<meta name=\"robots\" content=\"index, follow, max-snippet:-1, max-image-preview:large, max-video-preview:-1\" \/>\n<link rel=\"canonical\" href=\"https:\/\/kaolin.cl\/?page_id=92\" \/>\n<meta property=\"og:locale\" content=\"es_ES\" \/>\n<meta property=\"og:type\" content=\"article\" \/>\n<meta property=\"og:title\" content=\"Taller - TALLER KAOLIN\" \/>\n<meta property=\"og:description\" content=\"Clases de cer\u00e1mica mensual:Incluye una vez por semana clases de 3 horas con la t\u00e9cnica que se acomode a tus intereses.Incluye 5 kilos de pasta, quemas, uso de esmaltes creados por nosotros y uso de herramientas. Adem\u00e1s mientras aprendes podr\u00e1s exhibir y vender tu trabajo en nuestra tienda solamente pagando los costos asociados. Te esperamos. [&hellip;]\" \/>\n<meta property=\"og:url\" content=\"https:\/\/kaolin.cl\/?page_id=92\" \/>\n<meta property=\"og:site_name\" content=\"TALLER KAOLIN\" \/>\n<meta property=\"article:modified_time\" content=\"2025-10-01T18:12:28+00:00\" \/>\n<meta name=\"twitter:card\" content=\"summary_large_image\" \/>\n<meta name=\"twitter:label1\" content=\"Tiempo de lectura\" \/>\n\t<meta name=\"twitter:data1\" content=\"2 minutos\" \/>\n<script type=\"application\/ld+json\" class=\"yoast-schema-graph\">{\"@context\":\"https:\\\/\\\/schema.org\",\"@graph\":[{\"@type\":\"WebPage\",\"@id\":\"https:\\\/\\\/kaolin.cl\\\/?page_id=92\",\"url\":\"https:\\\/\\\/kaolin.cl\\\/?page_id=92\",\"name\":\"Taller - TALLER KAOLIN\",\"isPartOf\":{\"@id\":\"https:\\\/\\\/kaolin.cl\\\/#website\"},\"datePublished\":\"2024-09-25T15:05:13+00:00\",\"dateModified\":\"2025-10-01T18:12:28+00:00\",\"breadcrumb\":{\"@id\":\"https:\\\/\\\/kaolin.cl\\\/?page_id=92#breadcrumb\"},\"inLanguage\":\"es\",\"potentialAction\":[{\"@type\":\"ReadAction\",\"target\":[\"https:\\\/\\\/kaolin.cl\\\/?page_id=92\"]}]},{\"@type\":\"BreadcrumbList\",\"@id\":\"https:\\\/\\\/kaolin.cl\\\/?page_id=92#breadcrumb\",\"itemListElement\":[{\"@type\":\"ListItem\",\"position\":1,\"name\":\"Portada\",\"item\":\"https:\\\/\\\/kaolin.cl\\\/\"},{\"@type\":\"ListItem\",\"position\":2,\"name\":\"Taller\"}]},{\"@type\":\"WebSite\",\"@id\":\"https:\\\/\\\/kaolin.cl\\\/#website\",\"url\":\"https:\\\/\\\/kaolin.cl\\\/\",\"name\":\"My Websitetaller kaolin\",\"description\":\"\",\"publisher\":{\"@id\":\"https:\\\/\\\/kaolin.cl\\\/#organization\"},\"potentialAction\":[{\"@type\":\"SearchAction\",\"target\":{\"@type\":\"EntryPoint\",\"urlTemplate\":\"https:\\\/\\\/kaolin.cl\\\/?s={search_term_string}\"},\"query-input\":{\"@type\":\"PropertyValueSpecification\",\"valueRequired\":true,\"valueName\":\"search_term_string\"}}],\"inLanguage\":\"es\"},{\"@type\":\"Organization\",\"@id\":\"https:\\\/\\\/kaolin.cl\\\/#organization\",\"name\":\"My Web taller kaolin\",\"url\":\"https:\\\/\\\/kaolin.cl\\\/\",\"logo\":{\"@type\":\"ImageObject\",\"inLanguage\":\"es\",\"@id\":\"https:\\\/\\\/kaolin.cl\\\/#\\\/schema\\\/logo\\\/image\\\/\",\"url\":\"https:\\\/\\\/kaolin.cl\\\/wp-content\\\/uploads\\\/2024\\\/09\\\/Imagen-de-Marca-Taller-Kaolin-06-scaled.jpg\",\"contentUrl\":\"https:\\\/\\\/kaolin.cl\\\/wp-content\\\/uploads\\\/2024\\\/09\\\/Imagen-de-Marca-Taller-Kaolin-06-scaled.jpg\",\"width\":2560,\"height\":2560,\"caption\":\"My Web taller kaolin\"},\"image\":{\"@id\":\"https:\\\/\\\/kaolin.cl\\\/#\\\/schema\\\/logo\\\/image\\\/\"}}]}<\/script>\n<!-- \/ Yoast SEO plugin. -->","yoast_head_json":{"title":"Taller - TALLER KAOLIN","robots":{"index":"index","follow":"follow","max-snippet":"max-snippet:-1","max-image-preview":"max-image-preview:large","max-video-preview":"max-video-preview:-1"},"canonical":"https:\/\/kaolin.cl\/?page_id=92","og_locale":"es_ES","og_type":"article","og_title":"Taller - TALLER KAOLIN","og_description":"Clases de cer\u00e1mica mensual:Incluye una vez por semana clases de 3 horas con la t\u00e9cnica que se acomode a tus intereses.Incluye 5 kilos de pasta, quemas, uso de esmaltes creados por nosotros y uso de herramientas. Adem\u00e1s mientras aprendes podr\u00e1s exhibir y vender tu trabajo en nuestra tienda solamente pagando los costos asociados. Te esperamos. [&hellip;]","og_url":"https:\/\/kaolin.cl\/?page_id=92","og_site_name":"TALLER KAOLIN","article_modified_time":"2025-10-01T18:12:28+00:00","twitter_card":"summary_large_image","twitter_misc":{"Tiempo de lectura":"2 minutos"},"schema":{"@context":"https:\/\/schema.org","@graph":[{"@type":"WebPage","@id":"https:\/\/kaolin.cl\/?page_id=92","url":"https:\/\/kaolin.cl\/?page_id=92","name":"Taller - TALLER KAOLIN","isPartOf":{"@id":"https:\/\/kaolin.cl\/#website"},"datePublished":"2024-09-25T15:05:13+00:00","dateModified":"2025-10-01T18:12:28+00:00","breadcrumb":{"@id":"https:\/\/kaolin.cl\/?page_id=92#breadcrumb"},"inLanguage":"es","potentialAction":[{"@type":"ReadAction","target":["https:\/\/kaolin.cl\/?page_id=92"]}]},{"@type":"BreadcrumbList","@id":"https:\/\/kaolin.cl\/?page_id=92#breadcrumb","itemListElement":[{"@type":"ListItem","position":1,"name":"Portada","item":"https:\/\/kaolin.cl\/"},{"@type":"ListItem","position":2,"name":"Taller"}]},{"@type":"WebSite","@id":"https:\/\/kaolin.cl\/#website","url":"https:\/\/kaolin.cl\/","name":"My Websitetaller kaolin","description":"","publisher":{"@id":"https:\/\/kaolin.cl\/#organization"},"potentialAction":[{"@type":"SearchAction","target":{"@type":"EntryPoint","urlTemplate":"https:\/\/kaolin.cl\/?s={search_term_string}"},"query-input":{"@type":"PropertyValueSpecification","valueRequired":true,"valueName":"search_term_string"}}],"inLanguage":"es"},{"@type":"Organization","@id":"https:\/\/kaolin.cl\/#organization","name":"My Web taller kaolin","url":"https:\/\/kaolin.cl\/","logo":{"@type":"ImageObject","inLanguage":"es","@id":"https:\/\/kaolin.cl\/#\/schema\/logo\/image\/","url":"https:\/\/kaolin.cl\/wp-content\/uploads\/2024\/09\/Imagen-de-Marca-Taller-Kaolin-06-scaled.jpg","contentUrl":"https:\/\/kaolin.cl\/wp-content\/uploads\/2024\/09\/Imagen-de-Marca-Taller-Kaolin-06-scaled.jpg","width":2560,"height":2560,"caption":"My Web taller kaolin"},"image":{"@id":"https:\/\/kaolin.cl\/#\/schema\/logo\/image\/"}}]}},"jetpack_sharing_enabled":true,"_links":{"self":[{"href":"https:\/\/kaolin.cl\/index.php?rest_route=\/wp\/v2\/pages\/92","targetHints":{"allow":["GET"]}}],"collection":[{"href":"https:\/\/kaolin.cl\/index.php?rest_route=\/wp\/v2\/pages"}],"about":[{"href":"https:\/\/kaolin.cl\/index.php?rest_route=\/wp\/v2\/types\/page"}],"author":[{"embeddable":true,"href":"https:\/\/kaolin.cl\/index.php?rest_route=\/wp\/v2\/users\/1"}],"replies":[{"embeddable":true,"href":"https:\/\/kaolin.cl\/index.php?rest_route=%2Fwp%2Fv2%2Fcomments&post=92"}],"version-history":[{"count":18,"href":"https:\/\/kaolin.cl\/index.php?rest_route=\/wp\/v2\/pages\/92\/revisions"}],"predecessor-version":[{"id":565,"href":"https:\/\/kaolin.cl\/index.php?rest_route=\/wp\/v2\/pages\/92\/revisions\/565"}],"wp:attachment":[{"href":"https:\/\/kaolin.cl\/index.php?rest_route=%2Fwp%2Fv2%2Fmedia&parent=92"}],"curies":[{"name":"wp","href":"https:\/\/api.w.org\/{rel}","templated":true}]}}